{"id":17,"date":"2025-03-25T14:04:24","date_gmt":"2025-03-25T13:04:24","guid":{"rendered":"https:\/\/www.klampiarskecentrum.sk\/index.php\/kosik\/"},"modified":"2025-03-25T14:04:24","modified_gmt":"2025-03-25T13:04:24","slug":"kosik","status":"publish","type":"page","link":"https:\/\/www.klampiarskecentrum.sk\/index.php\/kosik\/","title":{"rendered":"Ko\u0161\u00edk"},"content":{"rendered":"\n<div data-block-name=\"woocommerce\/cart\" class=\"wp-block-woocommerce-cart alignwide is-loading\">\n<div data-block-name=\"woocommerce\/filled-cart-block\" class=\"wp-block-woocommerce-filled-cart-block\">\n<div data-block-name=\"woocommerce\/cart-items-block\" class=\"wp-block-woocommerce-cart-items-block\">\n<div data-block-name=\"woocommerce\/cart-line-items-block\" class=\"wp-block-woocommerce-cart-line-items-block\"><\/div>\n\n\n\n<div data-block-name=\"woocommerce\/cart-cross-sells-block\" class=\"wp-block-woocommerce-cart-cross-sells-block\">\n<h2 class=\"wp-block-heading has-large-font-size\">Mohlo by v\u00e1s zauj\u00edma\u0165&#8230;<\/h2>\n\n\n\n<div data-block-name=\"woocommerce\/cart-cross-sells-products-block\" class=\"wp-block-woocommerce-cart-cross-sells-products-block\"><\/div>\n<\/div>\n<\/div>\n\n\n\n<div data-block-name=\"woocommerce\/cart-totals-block\" class=\"wp-block-woocommerce-cart-totals-block\">\n<div data-block-name=\"woocommerce\/cart-order-summary-block\" class=\"wp-block-woocommerce-cart-order-summary-block\">\n<div data-block-name=\"woocommerce\/cart-order-summary-heading-block\" class=\"wp-block-woocommerce-cart-order-summary-heading-block\"><\/div><div data-block-name=\"woocommerce\/cart-order-summary-coupon-form-block\" class=\"wp-block-woocommerce-cart-order-summary-coupon-form-block\"><\/div><div data-block-name=\"woocommerce\/cart-order-summary-totals-block\" class=\"wp-block-woocommerce-cart-order-summary-totals-block\">\n<div data-block-name=\"woocommerce\/cart-order-summary-subtotal-block\" class=\"wp-block-woocommerce-cart-order-summary-subtotal-block\"><\/div>\n<div data-block-name=\"woocommerce\/cart-order-summary-discount-block\" class=\"wp-block-woocommerce-cart-order-summary-discount-block\"><\/div>\n<div data-block-name=\"woocommerce\/cart-order-summary-fee-block\" class=\"wp-block-woocommerce-cart-order-summary-fee-block\"><\/div>\n<div data-block-name=\"woocommerce\/cart-order-summary-shipping-block\" class=\"wp-block-woocommerce-cart-order-summary-shipping-block\"><\/div>\n<div data-block-name=\"woocommerce\/cart-order-summary-taxes-block\" class=\"wp-block-woocommerce-cart-order-summary-taxes-block\"><\/div><\/div>\n<\/div>\n\n\n\n<div data-block-name=\"woocommerce\/cart-express-payment-block\" class=\"wp-block-woocommerce-cart-express-payment-block\"><\/div>\n\n\n\n<div data-block-name=\"woocommerce\/proceed-to-checkout-block\" class=\"wp-block-woocommerce-proceed-to-checkout-block\"><\/div>\n\n\n\n<div data-block-name=\"woocommerce\/cart-accepted-payment-methods-block\" class=\"wp-block-woocommerce-cart-accepted-payment-methods-block\"><\/div>\n<\/div>\n<\/div>\n\n\n\n<div data-block-name=\"woocommerce\/empty-cart-block\" class=\"wp-block-woocommerce-empty-cart-block\">\n<h2 class=\"wp-block-heading has-text-align-center with-empty-cart-icon wc-block-cart__empty-cart__title\">V\u00e1\u0161 ko\u0161\u00edk je moment\u00e1lne pr\u00e1zdny!<\/h2>\n\n\n\n<hr class=\"wp-block-separator has-alpha-channel-opacity is-style-dots\"\/>\n\n\n\n<h2 class=\"wp-block-heading has-text-align-center\">Novinky v obchode<\/h2>\n\n\n<\/div>\n<\/div>\n","protected":false},"excerpt":{"rendered":"Mohlo by v\u00e1s zauj\u00edma\u0165... V\u00e1\u0161 ko\u0161\u00edk je moment\u00e1lne pr\u00e1zdny! Novinky v obchode","protected":false},"author":1,"featured_media":0,"parent":0,"menu_order":0,"comment_status":"closed","ping_status":"closed","template":"","meta":{"inline_featured_image":false,"footnotes":""},"class_list":["post-17","page","type-page","status-publish"],"yoast_head":"<!-- This site is optimized with the Yoast SEO plugin v27.2 - https:\/\/yoast.com\/product\/yoast-seo-wordpress\/ -->\n<title>Ko\u0161\u00edk - Klampiarske centrum.sk | PALLO<\/title>\n<meta name=\"robots\" content=\"index, follow, max-snippet:-1, max-image-preview:large, max-video-preview:-1\" \/>\n<link rel=\"canonical\" href=\"https:\/\/www.klampiarskecentrum.sk\/index.php\/kosik\/\" \/>\n<meta property=\"og:locale\" content=\"sk_SK\" \/>\n<meta property=\"og:type\" content=\"article\" \/>\n<meta property=\"og:title\" content=\"Ko\u0161\u00edk - Klampiarske centrum.sk | PALLO\" \/>\n<meta property=\"og:url\" content=\"https:\/\/www.klampiarskecentrum.sk\/index.php\/kosik\/\" \/>\n<meta property=\"og:site_name\" content=\"Klampiarske centrum.sk | PALLO\" \/>\n<meta property=\"article:publisher\" content=\"https:\/\/www.facebook.com\/profile.php?id=61566439953802\" \/>\n<meta name=\"twitter:card\" content=\"summary_large_image\" \/>\n<script type=\"application\/ld+json\" class=\"yoast-schema-graph\">{\"@context\":\"https:\/\/schema.org\",\"@graph\":[{\"@type\":\"WebPage\",\"@id\":\"https:\/\/www.klampiarskecentrum.sk\/index.php\/kosik\/\",\"url\":\"https:\/\/www.klampiarskecentrum.sk\/index.php\/kosik\/\",\"name\":\"Ko\u0161\u00edk - Klampiarske centrum.sk | PALLO\",\"isPartOf\":{\"@id\":\"https:\/\/www.klampiarskecentrum.sk\/#website\"},\"datePublished\":\"2025-03-25T13:04:24+00:00\",\"breadcrumb\":{\"@id\":\"https:\/\/www.klampiarskecentrum.sk\/index.php\/kosik\/#breadcrumb\"},\"inLanguage\":\"sk-SK\",\"potentialAction\":[{\"@type\":\"ReadAction\",\"target\":[\"https:\/\/www.klampiarskecentrum.sk\/index.php\/kosik\/\"]}]},{\"@type\":\"BreadcrumbList\",\"@id\":\"https:\/\/www.klampiarskecentrum.sk\/index.php\/kosik\/#breadcrumb\",\"itemListElement\":[{\"@type\":\"ListItem\",\"position\":1,\"name\":\"Domovsk\u00e1 str\u00e1nka\",\"item\":\"https:\/\/www.klampiarskecentrum.sk\/\"},{\"@type\":\"ListItem\",\"position\":2,\"name\":\"Ko\u0161\u00edk\"}]},{\"@type\":\"WebSite\",\"@id\":\"https:\/\/www.klampiarskecentrum.sk\/#website\",\"url\":\"https:\/\/www.klampiarskecentrum.sk\/\",\"name\":\"Klampiarske centrum.sk | PALLO\",\"description\":\"30 rokov p\u00f4sobenia na trhu\",\"publisher\":{\"@id\":\"https:\/\/www.klampiarskecentrum.sk\/#organization\"},\"potentialAction\":[{\"@type\":\"SearchAction\",\"target\":{\"@type\":\"EntryPoint\",\"urlTemplate\":\"https:\/\/www.klampiarskecentrum.sk\/?s={search_term_string}\"},\"query-input\":{\"@type\":\"PropertyValueSpecification\",\"valueRequired\":true,\"valueName\":\"search_term_string\"}}],\"inLanguage\":\"sk-SK\"},{\"@type\":\"Organization\",\"@id\":\"https:\/\/www.klampiarskecentrum.sk\/#organization\",\"name\":\"Klampiarske centrum.sk | PALLO\",\"url\":\"https:\/\/www.klampiarskecentrum.sk\/\",\"logo\":{\"@type\":\"ImageObject\",\"inLanguage\":\"sk-SK\",\"@id\":\"https:\/\/www.klampiarskecentrum.sk\/#\/schema\/logo\/image\/\",\"url\":\"https:\/\/www.klampiarskecentrum.sk\/wp-content\/uploads\/2025\/03\/logo_kalmpiarske_centrum_pallo.svg\",\"contentUrl\":\"https:\/\/www.klampiarskecentrum.sk\/wp-content\/uploads\/2025\/03\/logo_kalmpiarske_centrum_pallo.svg\",\"width\":2052,\"height\":650,\"caption\":\"Klampiarske centrum.sk | PALLO\"},\"image\":{\"@id\":\"https:\/\/www.klampiarskecentrum.sk\/#\/schema\/logo\/image\/\"},\"sameAs\":[\"https:\/\/www.facebook.com\/profile.php?id=61566439953802\",\"https:\/\/www.instagram.com\/palloklampiarskecentrum?fbclid=IwY2xjawJPlxpleHRuA2FlbQIxMAABHWNCS8WxexglUNVdYjLGSFe7bxf8a6A1VlWjhuqKsPV1ug0rLtwhcj-HEQ_aem_EIebY7N3DcV4DmcQqBwDiQ\"]}]}<\/script>\n<!-- \/ Yoast SEO plugin. -->","yoast_head_json":{"title":"Ko\u0161\u00edk - Klampiarske centrum.sk | PALLO","robots":{"index":"index","follow":"follow","max-snippet":"max-snippet:-1","max-image-preview":"max-image-preview:large","max-video-preview":"max-video-preview:-1"},"canonical":"https:\/\/www.klampiarskecentrum.sk\/index.php\/kosik\/","og_locale":"sk_SK","og_type":"article","og_title":"Ko\u0161\u00edk - Klampiarske centrum.sk | PALLO","og_url":"https:\/\/www.klampiarskecentrum.sk\/index.php\/kosik\/","og_site_name":"Klampiarske centrum.sk | PALLO","article_publisher":"https:\/\/www.facebook.com\/profile.php?id=61566439953802","twitter_card":"summary_large_image","schema":{"@context":"https:\/\/schema.org","@graph":[{"@type":"WebPage","@id":"https:\/\/www.klampiarskecentrum.sk\/index.php\/kosik\/","url":"https:\/\/www.klampiarskecentrum.sk\/index.php\/kosik\/","name":"Ko\u0161\u00edk - Klampiarske centrum.sk | PALLO","isPartOf":{"@id":"https:\/\/www.klampiarskecentrum.sk\/#website"},"datePublished":"2025-03-25T13:04:24+00:00","breadcrumb":{"@id":"https:\/\/www.klampiarskecentrum.sk\/index.php\/kosik\/#breadcrumb"},"inLanguage":"sk-SK","potentialAction":[{"@type":"ReadAction","target":["https:\/\/www.klampiarskecentrum.sk\/index.php\/kosik\/"]}]},{"@type":"BreadcrumbList","@id":"https:\/\/www.klampiarskecentrum.sk\/index.php\/kosik\/#breadcrumb","itemListElement":[{"@type":"ListItem","position":1,"name":"Domovsk\u00e1 str\u00e1nka","item":"https:\/\/www.klampiarskecentrum.sk\/"},{"@type":"ListItem","position":2,"name":"Ko\u0161\u00edk"}]},{"@type":"WebSite","@id":"https:\/\/www.klampiarskecentrum.sk\/#website","url":"https:\/\/www.klampiarskecentrum.sk\/","name":"Klampiarske centrum.sk | PALLO","description":"30 rokov p\u00f4sobenia na trhu","publisher":{"@id":"https:\/\/www.klampiarskecentrum.sk\/#organization"},"potentialAction":[{"@type":"SearchAction","target":{"@type":"EntryPoint","urlTemplate":"https:\/\/www.klampiarskecentrum.sk\/?s={search_term_string}"},"query-input":{"@type":"PropertyValueSpecification","valueRequired":true,"valueName":"search_term_string"}}],"inLanguage":"sk-SK"},{"@type":"Organization","@id":"https:\/\/www.klampiarskecentrum.sk\/#organization","name":"Klampiarske centrum.sk | PALLO","url":"https:\/\/www.klampiarskecentrum.sk\/","logo":{"@type":"ImageObject","inLanguage":"sk-SK","@id":"https:\/\/www.klampiarskecentrum.sk\/#\/schema\/logo\/image\/","url":"https:\/\/www.klampiarskecentrum.sk\/wp-content\/uploads\/2025\/03\/logo_kalmpiarske_centrum_pallo.svg","contentUrl":"https:\/\/www.klampiarskecentrum.sk\/wp-content\/uploads\/2025\/03\/logo_kalmpiarske_centrum_pallo.svg","width":2052,"height":650,"caption":"Klampiarske centrum.sk | PALLO"},"image":{"@id":"https:\/\/www.klampiarskecentrum.sk\/#\/schema\/logo\/image\/"},"sameAs":["https:\/\/www.facebook.com\/profile.php?id=61566439953802","https:\/\/www.instagram.com\/palloklampiarskecentrum?fbclid=IwY2xjawJPlxpleHRuA2FlbQIxMAABHWNCS8WxexglUNVdYjLGSFe7bxf8a6A1VlWjhuqKsPV1ug0rLtwhcj-HEQ_aem_EIebY7N3DcV4DmcQqBwDiQ"]}]}},"jetpack_sharing_enabled":true,"_links":{"self":[{"href":"https:\/\/www.klampiarskecentrum.sk\/index.php\/wp-json\/wp\/v2\/pages\/17","targetHints":{"allow":["GET"]}}],"collection":[{"href":"https:\/\/www.klampiarskecentrum.sk\/index.php\/wp-json\/wp\/v2\/pages"}],"about":[{"href":"https:\/\/www.klampiarskecentrum.sk\/index.php\/wp-json\/wp\/v2\/types\/page"}],"author":[{"embeddable":true,"href":"https:\/\/www.klampiarskecentrum.sk\/index.php\/wp-json\/wp\/v2\/users\/1"}],"replies":[{"embeddable":true,"href":"https:\/\/www.klampiarskecentrum.sk\/index.php\/wp-json\/wp\/v2\/comments?post=17"}],"version-history":[{"count":0,"href":"https:\/\/www.klampiarskecentrum.sk\/index.php\/wp-json\/wp\/v2\/pages\/17\/revisions"}],"wp:attachment":[{"href":"https:\/\/www.klampiarskecentrum.sk\/index.php\/wp-json\/wp\/v2\/media?parent=17"}],"curies":[{"name":"wp","href":"https:\/\/api.w.org\/{rel}","templated":true}]}}