{"id":173,"date":"2025-03-26T11:57:01","date_gmt":"2025-03-26T10:57:01","guid":{"rendered":"https:\/\/www.klampiarskecentrum.sk\/?page_id=173"},"modified":"2025-03-26T12:35:51","modified_gmt":"2025-03-26T11:35:51","slug":"blog-novinky","status":"publish","type":"page","link":"https:\/\/www.klampiarskecentrum.sk\/index.php\/blog-novinky\/","title":{"rendered":"BLOG\/NOVINKY"},"content":{"rendered":"[vc_row type=&#8221;full_width_content&#8221; full_screen_row_position=&#8221;middle&#8221; column_margin=&#8221;default&#8221; column_direction=&#8221;default&#8221; column_direction_tablet=&#8221;default&#8221; column_direction_phone=&#8221;default&#8221; bg_color=&#8221;#ffffff&#8221; scene_position=&#8221;center&#8221; text_color=&#8221;dark&#8221; text_align=&#8221;left&#8221; row_border_radius=&#8221;none&#8221; row_border_radius_applies=&#8221;bg&#8221; overflow=&#8221;visible&#8221; overlay_strength=&#8221;0.3&#8243; gradient_direction=&#8221;left_to_right&#8221; shape_divider_position=&#8221;bottom&#8221; bg_image_animation=&#8221;none&#8221;][vc_column column_padding=&#8221;no-extra-padding&#8221; column_padding_tablet=&#8221;inherit&#8221; column_padding_phone=&#8221;inherit&#8221; column_padding_position=&#8221;all&#8221; column_element_direction_desktop=&#8221;default&#8221; column_element_spacing=&#8221;default&#8221; desktop_text_alignment=&#8221;default&#8221; tablet_text_alignment=&#8221;default&#8221; phone_text_alignment=&#8221;default&#8221; background_color_opacity=&#8221;1&#8243; background_hover_color_opacity=&#8221;1&#8243; column_backdrop_filter=&#8221;none&#8221; column_shadow=&#8221;none&#8221; column_border_radius=&#8221;none&#8221; column_link_target=&#8221;_self&#8221; column_position=&#8221;default&#8221; gradient_direction=&#8221;left_to_right&#8221; overlay_strength=&#8221;0.3&#8243; width=&#8221;1\/1&#8243; tablet_width_inherit=&#8221;default&#8221; animation_type=&#8221;default&#8221; bg_image_animation=&#8221;none&#8221; border_type=&#8221;simple&#8221; column_border_width=&#8221;none&#8221; column_border_style=&#8221;solid&#8221;][recent_posts style=&#8221;slider&#8221; category=&#8221;all&#8221; order=&#8221;DESC&#8221; orderby=&#8221;date&#8221; image_loading=&#8221;default&#8221; blog_remove_post_date=&#8221;true&#8221; blog_remove_post_author=&#8221;true&#8221; blog_remove_post_comment_number=&#8221;true&#8221; blog_remove_post_nectar_love=&#8221;true&#8221; slider_size=&#8221;350&#8243; posts_per_page=&#8221;5&#8243;][\/vc_column][\/vc_row][vc_row type=&#8221;full_width_background&#8221; full_screen_row_position=&#8221;middle&#8221; column_margin=&#8221;default&#8221; column_direction=&#8221;default&#8221; column_direction_tablet=&#8221;default&#8221; column_direction_phone=&#8221;default&#8221; scene_position=&#8221;center&#8221; top_padding=&#8221;6%&#8221; bottom_padding=&#8221;6%&#8221; text_color=&#8221;dark&#8221; text_align=&#8221;left&#8221; row_border_radius=&#8221;none&#8221; row_border_radius_applies=&#8221;bg&#8221; overflow=&#8221;visible&#8221; overlay_strength=&#8221;0.3&#8243; gradient_direction=&#8221;left_to_right&#8221; shape_divider_position=&#8221;bottom&#8221; bg_image_animation=&#8221;none&#8221; shape_type=&#8221;&#8221;][vc_column column_padding=&#8221;no-extra-padding&#8221; column_padding_tablet=&#8221;inherit&#8221; column_padding_phone=&#8221;inherit&#8221; column_padding_position=&#8221;all&#8221; column_element_direction_desktop=&#8221;default&#8221; column_element_spacing=&#8221;default&#8221; desktop_text_alignment=&#8221;default&#8221; tablet_text_alignment=&#8221;default&#8221; phone_text_alignment=&#8221;default&#8221; background_color_opacity=&#8221;1&#8243; background_hover_color_opacity=&#8221;1&#8243; column_backdrop_filter=&#8221;none&#8221; column_shadow=&#8221;none&#8221; column_border_radius=&#8221;none&#8221; column_link_target=&#8221;_self&#8221; column_position=&#8221;default&#8221; gradient_direction=&#8221;left_to_right&#8221; overlay_strength=&#8221;0.3&#8243; width=&#8221;1\/1&#8243; tablet_width_inherit=&#8221;default&#8221; animation_type=&#8221;default&#8221; bg_image_animation=&#8221;none&#8221; border_type=&#8221;simple&#8221; column_border_width=&#8221;none&#8221; column_border_style=&#8221;solid&#8221;][nectar_blog layout=&#8221;masonry-blog-fullwidth&#8221; blog_masonry_style=&#8221;material&#8221; load_in_animation=&#8221;fade_in_from_bottom&#8221; category=&#8221;all&#8221; enable_pagination=&#8221;true&#8221; pagination_type=&#8221;default&#8221; order=&#8221;DESC&#8221; orderby=&#8221;date&#8221; blog_remove_post_author=&#8221;true&#8221; blog_remove_post_comment_number=&#8221;true&#8221; blog_remove_post_nectar_love=&#8221;true&#8221; posts_per_page=&#8221;12&#8243;][\/vc_column][\/vc_row]\n","protected":false},"excerpt":{"rendered":"<p>[vc_row type=&#8221;full_width_content&#8221; full_screen_row_position=&#8221;middle&#8221; column_margin=&#8221;default&#8221; column_direction=&#8221;default&#8221; column_direction_tablet=&#8221;default&#8221; column_direction_phone=&#8221;default&#8221; bg_color=&#8221;#ffffff&#8221; scene_position=&#8221;center&#8221; text_color=&#8221;dark&#8221; text_align=&#8221;left&#8221; row_border_radius=&#8221;none&#8221; row_border_radius_applies=&#8221;bg&#8221; overflow=&#8221;visible&#8221; overlay_strength=&#8221;0.3&#8243; gradient_direction=&#8221;left_to_right&#8221; shape_divider_position=&#8221;bottom&#8221; bg_image_animation=&#8221;none&#8221;][vc_column column_padding=&#8221;no-extra-padding&#8221; column_padding_tablet=&#8221;inherit&#8221; column_padding_phone=&#8221;inherit&#8221; column_padding_position=&#8221;all&#8221; column_element_direction_desktop=&#8221;default&#8221; column_element_spacing=&#8221;default&#8221; desktop_text_alignment=&#8221;default&#8221;&#8230;<\/p>\n","protected":false},"author":1,"featured_media":10,"parent":0,"menu_order":0,"comment_status":"closed","ping_status":"closed","template":"","meta":{"inline_featured_image":false,"footnotes":""},"class_list":["post-173","page","type-page","status-publish","has-post-thumbnail"],"yoast_head":"<!-- This site is optimized with the Yoast SEO plugin v27.2 - https:\/\/yoast.com\/product\/yoast-seo-wordpress\/ -->\n<title>BLOG\/NOVINKY - Klampiarske centrum.sk | PALLO<\/title>\n<meta name=\"description\" content=\"Objavte u\u017eito\u010dn\u00e9 tipy, rady a novinky zo sveta klampiarstva na na\u0161om blogu. Prin\u00e1\u0161ame odborn\u00e9 \u010dl\u00e1nky o materi\u00e1loch, mont\u00e1\u017ei a \u00fadr\u017ebe striech. In\u0161pirujte sa na\u0161imi sk\u00fasenos\u0165ami a zlep\u0161ite svoje klampiarske zru\u010dnosti!\" \/>\n<meta name=\"robots\" content=\"index, follow, max-snippet:-1, max-image-preview:large, max-video-preview:-1\" \/>\n<link rel=\"canonical\" href=\"https:\/\/www.klampiarskecentrum.sk\/index.php\/blog-novinky\/\" \/>\n<meta property=\"og:locale\" content=\"sk_SK\" \/>\n<meta property=\"og:type\" content=\"article\" \/>\n<meta property=\"og:title\" content=\"BLOG\/NOVINKY - Klampiarske centrum.sk | PALLO\" \/>\n<meta property=\"og:description\" content=\"Objavte u\u017eito\u010dn\u00e9 tipy, rady a novinky zo sveta klampiarstva na na\u0161om blogu. Prin\u00e1\u0161ame odborn\u00e9 \u010dl\u00e1nky o materi\u00e1loch, mont\u00e1\u017ei a \u00fadr\u017ebe striech. In\u0161pirujte sa na\u0161imi sk\u00fasenos\u0165ami a zlep\u0161ite svoje klampiarske zru\u010dnosti!\" \/>\n<meta property=\"og:url\" content=\"https:\/\/www.klampiarskecentrum.sk\/index.php\/blog-novinky\/\" \/>\n<meta property=\"og:site_name\" content=\"Klampiarske centrum.sk | PALLO\" \/>\n<meta property=\"article:publisher\" content=\"https:\/\/www.facebook.com\/profile.php?id=61566439953802\" \/>\n<meta property=\"article:modified_time\" content=\"2025-03-26T11:35:51+00:00\" \/>\n<meta property=\"og:image\" content=\"https:\/\/www.klampiarskecentrum.sk\/wp-content\/uploads\/2025\/03\/cropped-klampiarske_centrum_pallo_presov_.png\" \/>\n\t<meta property=\"og:image:width\" content=\"512\" \/>\n\t<meta property=\"og:image:height\" content=\"512\" \/>\n\t<meta property=\"og:image:type\" content=\"image\/png\" \/>\n<meta name=\"twitter:card\" content=\"summary_large_image\" \/>\n<meta name=\"twitter:label1\" content=\"Predpokladan\u00fd \u010das \u010d\u00edtania\" \/>\n\t<meta name=\"twitter:data1\" content=\"1 min\u00fata\" \/>\n<script type=\"application\/ld+json\" class=\"yoast-schema-graph\">{\"@context\":\"https:\/\/schema.org\",\"@graph\":[{\"@type\":\"WebPage\",\"@id\":\"https:\/\/www.klampiarskecentrum.sk\/index.php\/blog-novinky\/\",\"url\":\"https:\/\/www.klampiarskecentrum.sk\/index.php\/blog-novinky\/\",\"name\":\"BLOG\/NOVINKY - Klampiarske centrum.sk | PALLO\",\"isPartOf\":{\"@id\":\"https:\/\/www.klampiarskecentrum.sk\/#website\"},\"primaryImageOfPage\":{\"@id\":\"https:\/\/www.klampiarskecentrum.sk\/index.php\/blog-novinky\/#primaryimage\"},\"image\":{\"@id\":\"https:\/\/www.klampiarskecentrum.sk\/index.php\/blog-novinky\/#primaryimage\"},\"thumbnailUrl\":\"https:\/\/www.klampiarskecentrum.sk\/wp-content\/uploads\/2025\/03\/cropped-klampiarske_centrum_pallo_presov_.png\",\"datePublished\":\"2025-03-26T10:57:01+00:00\",\"dateModified\":\"2025-03-26T11:35:51+00:00\",\"description\":\"Objavte u\u017eito\u010dn\u00e9 tipy, rady a novinky zo sveta klampiarstva na na\u0161om blogu. Prin\u00e1\u0161ame odborn\u00e9 \u010dl\u00e1nky o materi\u00e1loch, mont\u00e1\u017ei a \u00fadr\u017ebe striech. In\u0161pirujte sa na\u0161imi sk\u00fasenos\u0165ami a zlep\u0161ite svoje klampiarske zru\u010dnosti!\",\"breadcrumb\":{\"@id\":\"https:\/\/www.klampiarskecentrum.sk\/index.php\/blog-novinky\/#breadcrumb\"},\"inLanguage\":\"sk-SK\",\"potentialAction\":[{\"@type\":\"ReadAction\",\"target\":[\"https:\/\/www.klampiarskecentrum.sk\/index.php\/blog-novinky\/\"]}]},{\"@type\":\"ImageObject\",\"inLanguage\":\"sk-SK\",\"@id\":\"https:\/\/www.klampiarskecentrum.sk\/index.php\/blog-novinky\/#primaryimage\",\"url\":\"https:\/\/www.klampiarskecentrum.sk\/wp-content\/uploads\/2025\/03\/cropped-klampiarske_centrum_pallo_presov_.png\",\"contentUrl\":\"https:\/\/www.klampiarskecentrum.sk\/wp-content\/uploads\/2025\/03\/cropped-klampiarske_centrum_pallo_presov_.png\",\"width\":512,\"height\":512},{\"@type\":\"BreadcrumbList\",\"@id\":\"https:\/\/www.klampiarskecentrum.sk\/index.php\/blog-novinky\/#breadcrumb\",\"itemListElement\":[{\"@type\":\"ListItem\",\"position\":1,\"name\":\"Domovsk\u00e1 str\u00e1nka\",\"item\":\"https:\/\/www.klampiarskecentrum.sk\/\"},{\"@type\":\"ListItem\",\"position\":2,\"name\":\"BLOG\/NOVINKY\"}]},{\"@type\":\"WebSite\",\"@id\":\"https:\/\/www.klampiarskecentrum.sk\/#website\",\"url\":\"https:\/\/www.klampiarskecentrum.sk\/\",\"name\":\"Klampiarske centrum.sk | PALLO\",\"description\":\"30 rokov p\u00f4sobenia na trhu\",\"publisher\":{\"@id\":\"https:\/\/www.klampiarskecentrum.sk\/#organization\"},\"potentialAction\":[{\"@type\":\"SearchAction\",\"target\":{\"@type\":\"EntryPoint\",\"urlTemplate\":\"https:\/\/www.klampiarskecentrum.sk\/?s={search_term_string}\"},\"query-input\":{\"@type\":\"PropertyValueSpecification\",\"valueRequired\":true,\"valueName\":\"search_term_string\"}}],\"inLanguage\":\"sk-SK\"},{\"@type\":\"Organization\",\"@id\":\"https:\/\/www.klampiarskecentrum.sk\/#organization\",\"name\":\"Klampiarske centrum.sk | PALLO\",\"url\":\"https:\/\/www.klampiarskecentrum.sk\/\",\"logo\":{\"@type\":\"ImageObject\",\"inLanguage\":\"sk-SK\",\"@id\":\"https:\/\/www.klampiarskecentrum.sk\/#\/schema\/logo\/image\/\",\"url\":\"https:\/\/www.klampiarskecentrum.sk\/wp-content\/uploads\/2025\/03\/logo_kalmpiarske_centrum_pallo.svg\",\"contentUrl\":\"https:\/\/www.klampiarskecentrum.sk\/wp-content\/uploads\/2025\/03\/logo_kalmpiarske_centrum_pallo.svg\",\"width\":2052,\"height\":650,\"caption\":\"Klampiarske centrum.sk | PALLO\"},\"image\":{\"@id\":\"https:\/\/www.klampiarskecentrum.sk\/#\/schema\/logo\/image\/\"},\"sameAs\":[\"https:\/\/www.facebook.com\/profile.php?id=61566439953802\",\"https:\/\/www.instagram.com\/palloklampiarskecentrum?fbclid=IwY2xjawJPlxpleHRuA2FlbQIxMAABHWNCS8WxexglUNVdYjLGSFe7bxf8a6A1VlWjhuqKsPV1ug0rLtwhcj-HEQ_aem_EIebY7N3DcV4DmcQqBwDiQ\"]}]}<\/script>\n<!-- \/ Yoast SEO plugin. -->","yoast_head_json":{"title":"BLOG\/NOVINKY - Klampiarske centrum.sk | PALLO","description":"Objavte u\u017eito\u010dn\u00e9 tipy, rady a novinky zo sveta klampiarstva na na\u0161om blogu. Prin\u00e1\u0161ame odborn\u00e9 \u010dl\u00e1nky o materi\u00e1loch, mont\u00e1\u017ei a \u00fadr\u017ebe striech. In\u0161pirujte sa na\u0161imi sk\u00fasenos\u0165ami a zlep\u0161ite svoje klampiarske zru\u010dnosti!","robots":{"index":"index","follow":"follow","max-snippet":"max-snippet:-1","max-image-preview":"max-image-preview:large","max-video-preview":"max-video-preview:-1"},"canonical":"https:\/\/www.klampiarskecentrum.sk\/index.php\/blog-novinky\/","og_locale":"sk_SK","og_type":"article","og_title":"BLOG\/NOVINKY - Klampiarske centrum.sk | PALLO","og_description":"Objavte u\u017eito\u010dn\u00e9 tipy, rady a novinky zo sveta klampiarstva na na\u0161om blogu. Prin\u00e1\u0161ame odborn\u00e9 \u010dl\u00e1nky o materi\u00e1loch, mont\u00e1\u017ei a \u00fadr\u017ebe striech. In\u0161pirujte sa na\u0161imi sk\u00fasenos\u0165ami a zlep\u0161ite svoje klampiarske zru\u010dnosti!","og_url":"https:\/\/www.klampiarskecentrum.sk\/index.php\/blog-novinky\/","og_site_name":"Klampiarske centrum.sk | PALLO","article_publisher":"https:\/\/www.facebook.com\/profile.php?id=61566439953802","article_modified_time":"2025-03-26T11:35:51+00:00","og_image":[{"width":512,"height":512,"url":"https:\/\/www.klampiarskecentrum.sk\/wp-content\/uploads\/2025\/03\/cropped-klampiarske_centrum_pallo_presov_.png","type":"image\/png"}],"twitter_card":"summary_large_image","twitter_misc":{"Predpokladan\u00fd \u010das \u010d\u00edtania":"1 min\u00fata"},"schema":{"@context":"https:\/\/schema.org","@graph":[{"@type":"WebPage","@id":"https:\/\/www.klampiarskecentrum.sk\/index.php\/blog-novinky\/","url":"https:\/\/www.klampiarskecentrum.sk\/index.php\/blog-novinky\/","name":"BLOG\/NOVINKY - Klampiarske centrum.sk | PALLO","isPartOf":{"@id":"https:\/\/www.klampiarskecentrum.sk\/#website"},"primaryImageOfPage":{"@id":"https:\/\/www.klampiarskecentrum.sk\/index.php\/blog-novinky\/#primaryimage"},"image":{"@id":"https:\/\/www.klampiarskecentrum.sk\/index.php\/blog-novinky\/#primaryimage"},"thumbnailUrl":"https:\/\/www.klampiarskecentrum.sk\/wp-content\/uploads\/2025\/03\/cropped-klampiarske_centrum_pallo_presov_.png","datePublished":"2025-03-26T10:57:01+00:00","dateModified":"2025-03-26T11:35:51+00:00","description":"Objavte u\u017eito\u010dn\u00e9 tipy, rady a novinky zo sveta klampiarstva na na\u0161om blogu. Prin\u00e1\u0161ame odborn\u00e9 \u010dl\u00e1nky o materi\u00e1loch, mont\u00e1\u017ei a \u00fadr\u017ebe striech. In\u0161pirujte sa na\u0161imi sk\u00fasenos\u0165ami a zlep\u0161ite svoje klampiarske zru\u010dnosti!","breadcrumb":{"@id":"https:\/\/www.klampiarskecentrum.sk\/index.php\/blog-novinky\/#breadcrumb"},"inLanguage":"sk-SK","potentialAction":[{"@type":"ReadAction","target":["https:\/\/www.klampiarskecentrum.sk\/index.php\/blog-novinky\/"]}]},{"@type":"ImageObject","inLanguage":"sk-SK","@id":"https:\/\/www.klampiarskecentrum.sk\/index.php\/blog-novinky\/#primaryimage","url":"https:\/\/www.klampiarskecentrum.sk\/wp-content\/uploads\/2025\/03\/cropped-klampiarske_centrum_pallo_presov_.png","contentUrl":"https:\/\/www.klampiarskecentrum.sk\/wp-content\/uploads\/2025\/03\/cropped-klampiarske_centrum_pallo_presov_.png","width":512,"height":512},{"@type":"BreadcrumbList","@id":"https:\/\/www.klampiarskecentrum.sk\/index.php\/blog-novinky\/#breadcrumb","itemListElement":[{"@type":"ListItem","position":1,"name":"Domovsk\u00e1 str\u00e1nka","item":"https:\/\/www.klampiarskecentrum.sk\/"},{"@type":"ListItem","position":2,"name":"BLOG\/NOVINKY"}]},{"@type":"WebSite","@id":"https:\/\/www.klampiarskecentrum.sk\/#website","url":"https:\/\/www.klampiarskecentrum.sk\/","name":"Klampiarske centrum.sk | PALLO","description":"30 rokov p\u00f4sobenia na trhu","publisher":{"@id":"https:\/\/www.klampiarskecentrum.sk\/#organization"},"potentialAction":[{"@type":"SearchAction","target":{"@type":"EntryPoint","urlTemplate":"https:\/\/www.klampiarskecentrum.sk\/?s={search_term_string}"},"query-input":{"@type":"PropertyValueSpecification","valueRequired":true,"valueName":"search_term_string"}}],"inLanguage":"sk-SK"},{"@type":"Organization","@id":"https:\/\/www.klampiarskecentrum.sk\/#organization","name":"Klampiarske centrum.sk | PALLO","url":"https:\/\/www.klampiarskecentrum.sk\/","logo":{"@type":"ImageObject","inLanguage":"sk-SK","@id":"https:\/\/www.klampiarskecentrum.sk\/#\/schema\/logo\/image\/","url":"https:\/\/www.klampiarskecentrum.sk\/wp-content\/uploads\/2025\/03\/logo_kalmpiarske_centrum_pallo.svg","contentUrl":"https:\/\/www.klampiarskecentrum.sk\/wp-content\/uploads\/2025\/03\/logo_kalmpiarske_centrum_pallo.svg","width":2052,"height":650,"caption":"Klampiarske centrum.sk | PALLO"},"image":{"@id":"https:\/\/www.klampiarskecentrum.sk\/#\/schema\/logo\/image\/"},"sameAs":["https:\/\/www.facebook.com\/profile.php?id=61566439953802","https:\/\/www.instagram.com\/palloklampiarskecentrum?fbclid=IwY2xjawJPlxpleHRuA2FlbQIxMAABHWNCS8WxexglUNVdYjLGSFe7bxf8a6A1VlWjhuqKsPV1ug0rLtwhcj-HEQ_aem_EIebY7N3DcV4DmcQqBwDiQ"]}]}},"jetpack_sharing_enabled":true,"_links":{"self":[{"href":"https:\/\/www.klampiarskecentrum.sk\/index.php\/wp-json\/wp\/v2\/pages\/173","targetHints":{"allow":["GET"]}}],"collection":[{"href":"https:\/\/www.klampiarskecentrum.sk\/index.php\/wp-json\/wp\/v2\/pages"}],"about":[{"href":"https:\/\/www.klampiarskecentrum.sk\/index.php\/wp-json\/wp\/v2\/types\/page"}],"author":[{"embeddable":true,"href":"https:\/\/www.klampiarskecentrum.sk\/index.php\/wp-json\/wp\/v2\/users\/1"}],"replies":[{"embeddable":true,"href":"https:\/\/www.klampiarskecentrum.sk\/index.php\/wp-json\/wp\/v2\/comments?post=173"}],"version-history":[{"count":1,"href":"https:\/\/www.klampiarskecentrum.sk\/index.php\/wp-json\/wp\/v2\/pages\/173\/revisions"}],"predecessor-version":[{"id":174,"href":"https:\/\/www.klampiarskecentrum.sk\/index.php\/wp-json\/wp\/v2\/pages\/173\/revisions\/174"}],"wp:featuredmedia":[{"embeddable":true,"href":"https:\/\/www.klampiarskecentrum.sk\/index.php\/wp-json\/wp\/v2\/media\/10"}],"wp:attachment":[{"href":"https:\/\/www.klampiarskecentrum.sk\/index.php\/wp-json\/wp\/v2\/media?parent=173"}],"curies":[{"name":"wp","href":"https:\/\/api.w.org\/{rel}","templated":true}]}}